{"id":3076,"date":"2021-12-28T05:04:45","date_gmt":"2021-12-28T05:04:45","guid":{"rendered":"https:\/\/understanddrupal.com\/blog\/"},"modified":"2022-02-05T20:45:43","modified_gmt":"2022-02-05T20:45:43","slug":"blog","status":"publish","type":"page","link":"https:\/\/understanddrupal.com\/es\/blog\/","title":{"rendered":"Blog"},"content":{"rendered":"\t\t<div data-elementor-type=\"wp-post\" data-elementor-id=\"3076\" class=\"elementor elementor-3076 elementor-81\">\n\t\t\t\t\t\t\t\t\t<section class=\"elementor-section elementor-top-section elementor-element elementor-element-5a1ced7e elementor-section-boxed elementor-section-height-default elementor-section-height-default\" data-id=\"5a1ced7e\" data-element_type=\"section\" data-settings=\"{&quot;background_background&quot;:&quot;classic&quot;}\">\n\t\t\t\t\t\t<div class=\"elementor-container elementor-column-gap-default\">\n\t\t\t\t\t<div class=\"elementor-column elementor-col-100 elementor-top-column elementor-element elementor-element-5423448\" data-id=\"5423448\" data-element_type=\"column\">\n\t\t\t<div class=\"elementor-widget-wrap elementor-element-populated\">\n\t\t\t\t\t\t\t\t<section class=\"elementor-section elementor-inner-section elementor-element elementor-element-dd6ca85 elementor-section-boxed elementor-section-height-default elementor-section-height-default\" data-id=\"dd6ca85\" data-element_type=\"section\">\n\t\t\t\t\t\t<div class=\"elementor-container elementor-column-gap-default\">\n\t\t\t\t\t<div class=\"elementor-column elementor-col-50 elementor-inner-column elementor-element elementor-element-1a7643a\" data-id=\"1a7643a\" data-element_type=\"column\">\n\t\t\t<div class=\"elementor-widget-wrap elementor-element-populated\">\n\t\t\t\t\t\t\t\t<div class=\"elementor-element elementor-element-2b6b3c7 elementor-widget elementor-widget-heading\" data-id=\"2b6b3c7\" data-element_type=\"widget\" data-widget_type=\"heading.default\">\n\t\t\t\t<div class=\"elementor-widget-container\">\n\t\t\t<style>\/*! elementor - v3.15.0 - 09-08-2023 *\/\n.elementor-heading-title{padding:0;margin:0;line-height:1}.elementor-widget-heading .elementor-heading-title[class*=elementor-size-]>a{color:inherit;font-size:inherit;line-height:inherit}.elementor-widget-heading .elementor-heading-title.elementor-size-small{font-size:15px}.elementor-widget-heading .elementor-heading-title.elementor-size-medium{font-size:19px}.elementor-widget-heading .elementor-heading-title.elementor-size-large{font-size:29px}.elementor-widget-heading .elementor-heading-title.elementor-size-xl{font-size:39px}.elementor-widget-heading .elementor-heading-title.elementor-size-xxl{font-size:59px}<\/style><h1 class=\"elementor-heading-title elementor-size-default\">Blog<\/h1>\t\t<\/div>\n\t\t\t\t<\/div>\n\t\t\t\t<div class=\"elementor-element elementor-element-8ac78b7 elementor-grid-1 elementor-posts--thumbnail-none elementor-grid-tablet-2 elementor-grid-mobile-1 elementor-widget elementor-widget-posts\" data-id=\"8ac78b7\" data-element_type=\"widget\" data-settings=\"{&quot;classic_columns&quot;:&quot;1&quot;,&quot;classic_row_gap&quot;:{&quot;unit&quot;:&quot;px&quot;,&quot;size&quot;:40,&quot;sizes&quot;:[]},&quot;pagination_type&quot;:&quot;numbers&quot;,&quot;classic_columns_tablet&quot;:&quot;2&quot;,&quot;classic_columns_mobile&quot;:&quot;1&quot;,&quot;classic_row_gap_tablet&quot;:{&quot;unit&quot;:&quot;px&quot;,&quot;size&quot;:&quot;&quot;,&quot;sizes&quot;:[]},&quot;classic_row_gap_mobile&quot;:{&quot;unit&quot;:&quot;px&quot;,&quot;size&quot;:&quot;&quot;,&quot;sizes&quot;:[]}}\" data-widget_type=\"posts.classic\">\n\t\t\t\t<div class=\"elementor-widget-container\">\n\t\t\t<link rel=\"stylesheet\" href=\"https:\/\/understanddrupal.com\/wp-content\/plugins\/elementor-pro\/assets\/css\/widget-posts.min.css\">\t\t<div class=\"elementor-posts-container elementor-posts elementor-posts--skin-classic elementor-grid\">\n\t\t\t\t<article class=\"elementor-post elementor-grid-item post-1998 post type-post status-publish format-standard hentry category-sin-categorizar tag-basic-concepts-es tag-drupal-planet-es tag-views-es\">\n\t\t\t\t<div class=\"elementor-post__text\">\n\t\t\t\t<h3 class=\"elementor-post__title\">\n\t\t\t<a href=\"https:\/\/understanddrupal.com\/es\/blog\/que-es-una-vista-en-drupal-como-funcionan\/\" >\n\t\t\t\t\u00bfQu\u00e9 es una vista en Drupal? \u00bfC\u00f3mo funcionan?\t\t\t<\/a>\n\t\t<\/h3>\n\t\t\t\t<div class=\"elementor-post__meta-data\">\n\t\t\t\t\t<span class=\"elementor-post-author\">\n\t\t\tMauricio Dinarte\t\t<\/span>\n\t\t\t\t<span class=\"elementor-post-date\">\n\t\t\tJuly 29, 2019\t\t<\/span>\n\t\t\t\t<span class=\"elementor-post-time\">\n\t\t\t7:00 am\t\t<\/span>\n\t\t\t\t<\/div>\n\t\t\t\t<div class=\"elementor-post__excerpt\">\n\t\t\t<p>En Drupal, una vista es un listado de informaci\u00f3n. Esta puede ser una lista de nodos, usuarios, comentarios, t\u00e9rminos de taxonom\u00eda, etc. Una vista escan\u00e9a tu sitio web usando cualquier criterio que especifiques y presenta los resultados en el formato de tu preferencia. Ejemplos de formato incluyen una table HTML, un feed RSS, un documento PDF, un documento CSV, un mapa interactivo, un carrusel de im\u00e1genes, o una representaci\u00f3n JSON a ser usada mediante un API REST. El mismo contenido se puede presentar en m\u00faltiples formatos al mismo tiempo. Por ejemplo, puedes presentar una table de informaci\u00f3n de usuarios y en la misma p\u00e1gina un enlace de descarga de los datos en formato CSV.<\/p>\n\t\t<\/div>\n\t\t\n\t\t<a class=\"elementor-post__read-more\" href=\"https:\/\/understanddrupal.com\/es\/blog\/que-es-una-vista-en-drupal-como-funcionan\/\" >\n\t\t\tContinuar leyendo \u00bb\t\t<\/a>\n\n\t\t\t\t<\/div>\n\t\t\t\t<\/article>\n\t\t\t\t<article class=\"elementor-post elementor-grid-item post-2002 post type-post status-publish format-standard hentry category-sin-categorizar tag-basic-concepts-es tag-blocks-2 tag-drupal-planet-es\">\n\t\t\t\t<div class=\"elementor-post__text\">\n\t\t\t\t<h3 class=\"elementor-post__title\">\n\t\t\t<a href=\"https:\/\/understanddrupal.com\/es\/blog\/usando-bloques-de-drupal-para-enriquecer-el-contenido-de-tu-sitio-web\/\" >\n\t\t\t\tUsando bloques de Drupal para enriquecer el contenido de tu sitio web\t\t\t<\/a>\n\t\t<\/h3>\n\t\t\t\t<div class=\"elementor-post__meta-data\">\n\t\t\t\t\t<span class=\"elementor-post-author\">\n\t\t\tMauricio Dinarte\t\t<\/span>\n\t\t\t\t<span class=\"elementor-post-date\">\n\t\t\tJuly 26, 2019\t\t<\/span>\n\t\t\t\t<span class=\"elementor-post-time\">\n\t\t\t4:00 pm\t\t<\/span>\n\t\t\t\t<\/div>\n\t\t\t\t<div class=\"elementor-post__excerpt\">\n\t\t\t<p>Ya hemos hablado sobre nodos, tipos de contenido, y campos. En Drupal, estos suelen comprender el contenido principal de la p\u00e1gina. Muy probablemente quieras presentar informaci\u00f3n adicional a lo largo de la p\u00e1gina. Esto puede lograrse usando contenedores llamados bloques. Por ejemplo, el contenido principal de una p\u00e1gina puede ser un art\u00edculo y se puede usar un bloque para listar otros art\u00edculos escritos por el mismo autor. Tambi\u00e9n pudieras usar un bloque para mostrar una caja de b\u00fasqueda o texto de copyright. Exploremos lo que los bloques de Drupal nos ofrecen.<\/p>\n\t\t<\/div>\n\t\t\n\t\t<a class=\"elementor-post__read-more\" href=\"https:\/\/understanddrupal.com\/es\/blog\/usando-bloques-de-drupal-para-enriquecer-el-contenido-de-tu-sitio-web\/\" >\n\t\t\tContinuar leyendo \u00bb\t\t<\/a>\n\n\t\t\t\t<\/div>\n\t\t\t\t<\/article>\n\t\t\t\t<article class=\"elementor-post elementor-grid-item post-2005 post type-post status-publish format-standard hentry category-sin-categorizar tag-basic-concepts-es tag-drupal-planet-es tag-fields-2\">\n\t\t\t\t<div class=\"elementor-post__text\">\n\t\t\t\t<h3 class=\"elementor-post__title\">\n\t\t\t<a href=\"https:\/\/understanddrupal.com\/es\/blog\/la-versatilidad-de-los-campos-en-drupal\/\" >\n\t\t\t\tLa versatilidad de los campos en Drupal\t\t\t<\/a>\n\t\t<\/h3>\n\t\t\t\t<div class=\"elementor-post__meta-data\">\n\t\t\t\t\t<span class=\"elementor-post-author\">\n\t\t\tMauricio Dinarte\t\t<\/span>\n\t\t\t\t<span class=\"elementor-post-date\">\n\t\t\tJuly 25, 2019\t\t<\/span>\n\t\t\t\t<span class=\"elementor-post-time\">\n\t\t\t7:00 am\t\t<\/span>\n\t\t\t\t<\/div>\n\t\t\t\t<div class=\"elementor-post__excerpt\">\n\t\t\t<p>Luego de entender la diferencia entre nodos y tipos de contenido, aprendamos un nuevo concepto. Los campos en Drupal permiten almacenar datos de manera at\u00f3mica. Estos permiten almacenar piezas discretas de informaci\u00f3n que puede ser usada luego con fines de presentaci\u00f3n al usuario, filtrado u ordenamiento de contenido. Los campos pueden agregarse a nodos, usuarios, t\u00e9rminos de taxonom\u00eda, bloques y otras entidades en Drupal. Es posible compartir un campo entre bundles de la misma entidad. Por ejemplo, puedes compartir una imagen entre diferentes tipos de contenido (bundle) de la entidad de contenido (nodo).<\/p>\n\t\t<\/div>\n\t\t\n\t\t<a class=\"elementor-post__read-more\" href=\"https:\/\/understanddrupal.com\/es\/blog\/la-versatilidad-de-los-campos-en-drupal\/\" >\n\t\t\tContinuar leyendo \u00bb\t\t<\/a>\n\n\t\t\t\t<\/div>\n\t\t\t\t<\/article>\n\t\t\t\t<article class=\"elementor-post elementor-grid-item post-2009 post type-post status-publish format-standard hentry category-sin-categorizar tag-basic-concepts-es tag-drupal-planet-es tag-nodo tag-tipos-de-contenido\">\n\t\t\t\t<div class=\"elementor-post__text\">\n\t\t\t\t<h3 class=\"elementor-post__title\">\n\t\t\t<a href=\"https:\/\/understanddrupal.com\/es\/blog\/cual-es-la-diferencia-entre-un-nodo-y-un-tipo-de-contenido\/\" >\n\t\t\t\t\u00bfCu\u00e1l es la diferencia entre un nodo y un tipo de contenido?\t\t\t<\/a>\n\t\t<\/h3>\n\t\t\t\t<div class=\"elementor-post__meta-data\">\n\t\t\t\t\t<span class=\"elementor-post-author\">\n\t\t\tMauricio Dinarte\t\t<\/span>\n\t\t\t\t<span class=\"elementor-post-date\">\n\t\t\tApril 1, 2019\t\t<\/span>\n\t\t\t\t<span class=\"elementor-post-time\">\n\t\t\t7:00 am\t\t<\/span>\n\t\t\t\t<\/div>\n\t\t\t\t<div class=\"elementor-post__excerpt\">\n\t\t\t<p>Nodos y tipos de contenido son los conceptos que se mencionan con m\u00e1s frecuencia cuando se est\u00e1 empezando a aprender Drupal. En algunas ocasiones se usan de forma indistinta, pero representan diferentes conceptos. Veamos sus diferencias y c\u00f3mo se relacionan entre ellos. Aprenderemos atributos que todos los nodos comparten, c\u00f3mo los tipos de contenido proveen valores por defecto y c\u00f3mo los tipos de contenido sirven de plantilla para recolectar diferentes tipos de informaci\u00f3n.<\/p>\n\t\t<\/div>\n\t\t\n\t\t<a class=\"elementor-post__read-more\" href=\"https:\/\/understanddrupal.com\/es\/blog\/cual-es-la-diferencia-entre-un-nodo-y-un-tipo-de-contenido\/\" >\n\t\t\tContinuar leyendo \u00bb\t\t<\/a>\n\n\t\t\t\t<\/div>\n\t\t\t\t<\/article>\n\t\t\t\t<\/div>\n\n\n\t\t\n\t\t\t\t<\/div>\n\t\t\t\t<\/div>\n\t\t\t\t\t<\/div>\n\t\t<\/div>\n\t\t\t\t<div class=\"elementor-column elementor-col-50 elementor-inner-column elementor-element elementor-element-a9e8d5d\" data-id=\"a9e8d5d\" data-element_type=\"column\">\n\t\t\t<div class=\"elementor-widget-wrap elementor-element-populated\">\n\t\t\t\t\t\t\t\t<div class=\"elementor-element elementor-element-7634d3e elementor-search-form--skin-minimal elementor-widget elementor-widget-search-form\" data-id=\"7634d3e\" data-element_type=\"widget\" data-settings=\"{&quot;skin&quot;:&quot;minimal&quot;}\" data-widget_type=\"search-form.default\">\n\t\t\t\t<div class=\"elementor-widget-container\">\n\t\t\t<link rel=\"stylesheet\" href=\"https:\/\/understanddrupal.com\/wp-content\/plugins\/elementor-pro\/assets\/css\/widget-theme-elements.min.css\">\t\t<form class=\"elementor-search-form\" role=\"search\" action=\"https:\/\/understanddrupal.com\/es\/\" method=\"get\">\n\t\t\t\t\t\t\t\t\t<div class=\"elementor-search-form__container\">\n\t\t\t\t\t\t\t\t\t<div class=\"elementor-search-form__icon\">\n\t\t\t\t\t\t<i aria-hidden=\"true\" class=\"fas fa-search\"><\/i>\t\t\t\t\t\t<span class=\"elementor-screen-only\">Search<\/span>\n\t\t\t\t\t<\/div>\n\t\t\t\t\t\t\t\t<input placeholder=\"Busqueda\" class=\"elementor-search-form__input\" type=\"search\" name=\"s\" title=\"Search\" value=\"\">\n\t\t\t\t<input type='hidden' name='lang' value='es' \/>\t\t\t\t\t\t\t\t\t\t\t<\/div>\n\t\t<\/form>\n\t\t\t\t<\/div>\n\t\t\t\t<\/div>\n\t\t\t\t\t<\/div>\n\t\t<\/div>\n\t\t\t\t\t\t\t<\/div>\n\t\t<\/section>\n\t\t\t\t\t<\/div>\n\t\t<\/div>\n\t\t\t\t\t\t\t<\/div>\n\t\t<\/section>\n\t\t\t\t\t\t\t<\/div>\n\t\t","protected":false},"excerpt":{"rendered":"<p>Blog<\/p>\n","protected":false},"author":3,"featured_media":0,"parent":0,"menu_order":0,"comment_status":"closed","ping_status":"closed","template":"","meta":{"_acf_changed":false,"site-sidebar-layout":"no-sidebar","site-content-layout":"page-builder","ast-site-content-layout":"","site-content-style":"default","site-sidebar-style":"default","ast-global-header-display":"","ast-banner-title-visibility":"","ast-main-header-display":"","ast-hfb-above-header-display":"","ast-hfb-below-header-display":"","ast-hfb-mobile-header-display":"","site-post-title":"disabled","ast-breadcrumbs-content":"","ast-featured-img":"disabled","footer-sml-layout":"","theme-transparent-header-meta":"enabled","adv-header-id-meta":"","stick-header-meta":"","header-above-stick-meta":"","header-main-stick-meta":"","header-below-stick-meta":"","astra-migrate-meta-layouts":"default","ast-page-background-enabled":"default","ast-page-background-meta":{"desktop":{"background-color":"","background-image":"","background-repeat":"repeat","background-position":"center center","background-size":"auto","background-attachment":"scroll","background-type":"","background-media":"","overlay-type":"","overlay-color":"","overlay-opacity":"","overlay-gradient":""},"tablet":{"background-color":"","background-image":"","background-repeat":"repeat","background-position":"center center","background-size":"auto","background-attachment":"scroll","background-type":"","background-media":"","overlay-type":"","overlay-color":"","overlay-opacity":"","overlay-gradient":""},"mobile":{"background-color":"","background-image":"","background-repeat":"repeat","background-position":"center center","background-size":"auto","background-attachment":"scroll","background-type":"","background-media":"","overlay-type":"","overlay-color":"","overlay-opacity":"","overlay-gradient":""}},"ast-content-background-meta":{"desktop":{"background-color":"var(--ast-global-color-5)","background-image":"","background-repeat":"repeat","background-position":"center center","background-size":"auto","background-attachment":"scroll","background-type":"","background-media":"","overlay-type":"","overlay-color":"","overlay-opacity":"","overlay-gradient":""},"tablet":{"background-color":"var(--ast-global-color-5)","background-image":"","background-repeat":"repeat","background-position":"center center","background-size":"auto","background-attachment":"scroll","background-type":"","background-media":"","overlay-type":"","overlay-color":"","overlay-opacity":"","overlay-gradient":""},"mobile":{"background-color":"var(--ast-global-color-5)","background-image":"","background-repeat":"repeat","background-position":"center center","background-size":"auto","background-attachment":"scroll","background-type":"","background-media":"","overlay-type":"","overlay-color":"","overlay-opacity":"","overlay-gradient":""}},"footnotes":""},"acf":[],"yoast_head":"<!-- This site is optimized with the Yoast SEO plugin v22.8 - https:\/\/yoast.com\/wordpress\/plugins\/seo\/ -->\n<title>Blog - Understand Drupal<\/title>\n<meta name=\"robots\" content=\"index, follow, max-snippet:-1, max-image-preview:large, max-video-preview:-1\" \/>\n<link rel=\"canonical\" href=\"https:\/\/understanddrupal.com\/es\/blog\/\" \/>\n<meta property=\"og:locale\" content=\"es_ES\" \/>\n<meta property=\"og:type\" content=\"article\" \/>\n<meta property=\"og:title\" content=\"Blog - Understand Drupal\" \/>\n<meta property=\"og:description\" content=\"Blog\" \/>\n<meta property=\"og:url\" content=\"https:\/\/understanddrupal.com\/es\/blog\/\" \/>\n<meta property=\"og:site_name\" content=\"Understand Drupal\" \/>\n<meta property=\"article:modified_time\" content=\"2022-02-05T20:45:43+00:00\" \/>\n<meta name=\"twitter:card\" content=\"summary_large_image\" \/>\n<meta name=\"twitter:label1\" content=\"Est. reading time\" \/>\n\t<meta name=\"twitter:data1\" content=\"3 minutes\" \/>\n<script type=\"application\/ld+json\" class=\"yoast-schema-graph\">{\"@context\":\"https:\/\/schema.org\",\"@graph\":[{\"@type\":\"WebPage\",\"@id\":\"https:\/\/understanddrupal.com\/es\/blog\/\",\"url\":\"https:\/\/understanddrupal.com\/es\/blog\/\",\"name\":\"Blog - Understand Drupal\",\"isPartOf\":{\"@id\":\"https:\/\/understanddrupal.com\/#website\"},\"datePublished\":\"2021-12-28T05:04:45+00:00\",\"dateModified\":\"2022-02-05T20:45:43+00:00\",\"breadcrumb\":{\"@id\":\"https:\/\/understanddrupal.com\/es\/blog\/#breadcrumb\"},\"inLanguage\":\"es-ES\",\"potentialAction\":[{\"@type\":\"ReadAction\",\"target\":[\"https:\/\/understanddrupal.com\/es\/blog\/\"]}]},{\"@type\":\"BreadcrumbList\",\"@id\":\"https:\/\/understanddrupal.com\/es\/blog\/#breadcrumb\",\"itemListElement\":[{\"@type\":\"ListItem\",\"position\":1,\"name\":\"Home\",\"item\":\"https:\/\/understanddrupal.com\/es\/\"},{\"@type\":\"ListItem\",\"position\":2,\"name\":\"Blog\"}]},{\"@type\":\"WebSite\",\"@id\":\"https:\/\/understanddrupal.com\/#website\",\"url\":\"https:\/\/understanddrupal.com\/\",\"name\":\"Understand Drupal\",\"description\":\"\",\"publisher\":{\"@id\":\"https:\/\/understanddrupal.com\/#organization\"},\"potentialAction\":[{\"@type\":\"SearchAction\",\"target\":{\"@type\":\"EntryPoint\",\"urlTemplate\":\"https:\/\/understanddrupal.com\/?s={search_term_string}\"},\"query-input\":\"required name=search_term_string\"}],\"inLanguage\":\"es-ES\"},{\"@type\":\"Organization\",\"@id\":\"https:\/\/understanddrupal.com\/#organization\",\"name\":\"Understand Drupal\",\"url\":\"https:\/\/understanddrupal.com\/\",\"logo\":{\"@type\":\"ImageObject\",\"inLanguage\":\"es-ES\",\"@id\":\"https:\/\/understanddrupal.com\/#\/schema\/logo\/image\/\",\"url\":\"https:\/\/understanddrupal.com\/wp-content\/uploads\/2021\/12\/understanddrupal_logo_white.png\",\"contentUrl\":\"https:\/\/understanddrupal.com\/wp-content\/uploads\/2021\/12\/understanddrupal_logo_white.png\",\"width\":100,\"height\":73,\"caption\":\"Understand Drupal\"},\"image\":{\"@id\":\"https:\/\/understanddrupal.com\/#\/schema\/logo\/image\/\"}}]}<\/script>\n<!-- \/ Yoast SEO plugin. -->","yoast_head_json":{"title":"Blog - Understand Drupal","robots":{"index":"index","follow":"follow","max-snippet":"max-snippet:-1","max-image-preview":"max-image-preview:large","max-video-preview":"max-video-preview:-1"},"canonical":"https:\/\/understanddrupal.com\/es\/blog\/","og_locale":"es_ES","og_type":"article","og_title":"Blog - Understand Drupal","og_description":"Blog","og_url":"https:\/\/understanddrupal.com\/es\/blog\/","og_site_name":"Understand Drupal","article_modified_time":"2022-02-05T20:45:43+00:00","twitter_card":"summary_large_image","twitter_misc":{"Est. reading time":"3 minutes"},"schema":{"@context":"https:\/\/schema.org","@graph":[{"@type":"WebPage","@id":"https:\/\/understanddrupal.com\/es\/blog\/","url":"https:\/\/understanddrupal.com\/es\/blog\/","name":"Blog - Understand Drupal","isPartOf":{"@id":"https:\/\/understanddrupal.com\/#website"},"datePublished":"2021-12-28T05:04:45+00:00","dateModified":"2022-02-05T20:45:43+00:00","breadcrumb":{"@id":"https:\/\/understanddrupal.com\/es\/blog\/#breadcrumb"},"inLanguage":"es-ES","potentialAction":[{"@type":"ReadAction","target":["https:\/\/understanddrupal.com\/es\/blog\/"]}]},{"@type":"BreadcrumbList","@id":"https:\/\/understanddrupal.com\/es\/blog\/#breadcrumb","itemListElement":[{"@type":"ListItem","position":1,"name":"Home","item":"https:\/\/understanddrupal.com\/es\/"},{"@type":"ListItem","position":2,"name":"Blog"}]},{"@type":"WebSite","@id":"https:\/\/understanddrupal.com\/#website","url":"https:\/\/understanddrupal.com\/","name":"Understand Drupal","description":"","publisher":{"@id":"https:\/\/understanddrupal.com\/#organization"},"potentialAction":[{"@type":"SearchAction","target":{"@type":"EntryPoint","urlTemplate":"https:\/\/understanddrupal.com\/?s={search_term_string}"},"query-input":"required name=search_term_string"}],"inLanguage":"es-ES"},{"@type":"Organization","@id":"https:\/\/understanddrupal.com\/#organization","name":"Understand Drupal","url":"https:\/\/understanddrupal.com\/","logo":{"@type":"ImageObject","inLanguage":"es-ES","@id":"https:\/\/understanddrupal.com\/#\/schema\/logo\/image\/","url":"https:\/\/understanddrupal.com\/wp-content\/uploads\/2021\/12\/understanddrupal_logo_white.png","contentUrl":"https:\/\/understanddrupal.com\/wp-content\/uploads\/2021\/12\/understanddrupal_logo_white.png","width":100,"height":73,"caption":"Understand Drupal"},"image":{"@id":"https:\/\/understanddrupal.com\/#\/schema\/logo\/image\/"}}]}},"_links":{"self":[{"href":"https:\/\/understanddrupal.com\/es\/wp-json\/wp\/v2\/pages\/3076"}],"collection":[{"href":"https:\/\/understanddrupal.com\/es\/wp-json\/wp\/v2\/pages"}],"about":[{"href":"https:\/\/understanddrupal.com\/es\/wp-json\/wp\/v2\/types\/page"}],"author":[{"embeddable":true,"href":"https:\/\/understanddrupal.com\/es\/wp-json\/wp\/v2\/users\/3"}],"replies":[{"embeddable":true,"href":"https:\/\/understanddrupal.com\/es\/wp-json\/wp\/v2\/comments?post=3076"}],"version-history":[{"count":0,"href":"https:\/\/understanddrupal.com\/es\/wp-json\/wp\/v2\/pages\/3076\/revisions"}],"wp:attachment":[{"href":"https:\/\/understanddrupal.com\/es\/wp-json\/wp\/v2\/media?parent=3076"}],"curies":[{"name":"wp","href":"https:\/\/api.w.org\/{rel}","templated":true}]}}